{"id":22182,"date":"2020-08-25T06:43:02","date_gmt":"2020-08-25T06:43:02","guid":{"rendered":"https:\/\/www.radiation-dosimetry.org\/declaracao-de-cookies\/"},"modified":"2020-08-25T06:43:02","modified_gmt":"2020-08-25T06:43:02","slug":"declaracao-de-cookies","status":"publish","type":"page","link":"http:\/\/www.radiation-dosimetry.org\/pt-br\/declaracao-de-cookies\/","title":{"rendered":"Declara\u00e7\u00e3o de Cookies"},"content":{"rendered":"<div class=\"lgc-column lgc-grid-parent lgc-grid-100 lgc-tablet-grid-100 lgc-mobile-grid-100 lgc-equal-heights  lgc-first lgc-last\">\n<div class=\"inside-grid-column\">\n<p><span>Esta\u00a0<\/span><strong><span>Declara\u00e7\u00e3o de Cookie<\/span><\/strong><span>\u00a0\u00a0faz parte da nossa\u00a0<\/span><strong><span>Pol\u00edtica de Privacidade<\/span><\/strong><span>\u00a0.\u00a0Ele explica como usamos cookies (e outras tecnologias de dados armazenados localmente), como cookies de terceiros s\u00e3o usados \u200b\u200bem nosso site e como voc\u00ea pode gerenciar suas op\u00e7\u00f5es de cookies.<\/span><\/p>\n<p><span>Um \u201c\u00a0<\/span><strong><span>cookie<\/span><\/strong><span>\u00a0\u201d \u00e9 um pequeno arquivo de dados que transferimos para o seu computador, telefone celular ou qualquer outro dispositivo que voc\u00ea usa para acessar o radia- dosimetry.org, geralmente usado para autentica\u00e7\u00e3o e rastreamento.\u00a0Cada cookie expira ap\u00f3s um certo per\u00edodo de tempo, mas esse per\u00edodo varia dependendo para que o cookie \u00e9 usado e como seu navegador est\u00e1 configurado.<\/span><\/p>\n<p><span>Como muitos sites,\u00a0<\/span><strong><span>usamos \u201ccookies\u201d para coletar informa\u00e7\u00f5es<\/span><\/strong><span>\u00a0pela intera\u00e7\u00e3o do seu celular ou navegador da web com o nosso site.\u00a0Essas informa\u00e7\u00f5es s\u00e3o normalmente consideradas\u00a0<\/span><strong><span>informa\u00e7\u00f5es n\u00e3o pessoais<\/span><\/strong><span>\u00a0.<\/span><\/p>\n<p><span>Usamos cookies para entender e salvar suas prefer\u00eancias para visitas futuras e compilar dados agregados sobre o tr\u00e1fego do site e a intera\u00e7\u00e3o do site para que possamos oferecer melhores experi\u00eancias e ferramentas no site no futuro.\u00a0Essas informa\u00e7\u00f5es incluem o nome do site a partir do qual voc\u00ea acessou nosso site, se houver, bem como o nome do site para o qual voc\u00ea est\u00e1 indo ao sair de nosso site.\u00a0Essas informa\u00e7\u00f5es tamb\u00e9m incluem o endere\u00e7o IP do seu computador \/ servidor proxy que voc\u00ea usa para acessar a Internet, o nome do provedor do seu site da Internet, o tipo de navegador da Web, o tipo de dispositivo m\u00f3vel e o sistema operacional do computador.\u00a0Usamos todas essas informa\u00e7\u00f5es para analisar tend\u00eancias entre nossos usu\u00e1rios e ajudar a melhorar nosso site.\u00a0Essa abordagem \u00e9 comum e t\u00edpica para a World Wide Web inteira.<\/span><\/p>\n<p><span>Voc\u00ea pode instruir seu navegador a recusar todos os cookies ou indicar quando um cookie est\u00e1 sendo enviado. No entanto, observe que, se voc\u00ea fizer isso, poder\u00e1 n\u00e3o conseguir usar todas as funcionalidades deste site.<\/span><\/p>\n<h2><span>Ferramentas de rastreamento de terceiros<\/span><\/h2>\n<p><span>Tamb\u00e9m usamos ferramentas de rastreamento de terceiros para melhorar o desempenho e os recursos do nosso site.\u00a0Essas ferramentas de rastreamento de terceiros s\u00e3o projetadas para coletar apenas informa\u00e7\u00f5es n\u00e3o pessoais sobre o uso de nosso site.\u00a0No entanto, voc\u00ea entende que tais ferramentas s\u00e3o criadas e gerenciadas por terceiros fora de nosso controle.\u00a0Como tal, n\u00e3o somos respons\u00e1veis \u200b\u200bpor quais informa\u00e7\u00f5es s\u00e3o realmente capturadas por esses terceiros ou como esses terceiros usam e protegem essas informa\u00e7\u00f5es.\u00a0Este site usa cookies por meio dos seguintes recursos:<\/span><\/p>\n<ul>\n<li><a href=\"https:\/\/developers.google.com\/analytics\/devguides\/collection\/analyticsjs\/cookie-usage\"><span>Google Analytics,<\/span><\/a><\/li>\n<li><a href=\"https:\/\/www.google.com\/intl\/en\/policies\/privacy\/\"><span>An\u00fancios do Google,<\/span><\/a><\/li>\n<li><a href=\"https:\/\/www.facebook.com\/help\/206635839404055\"><span>Bot\u00e3o de curtir do Facebook<\/span><\/a><\/li>\n<li><a href=\"https:\/\/dev.twitter.com\/web\/overview\/privacy\"><span>Bot\u00e3o de compartilhamento do Twitter<\/span><\/a><\/li>\n<\/ul>\n<h2><span>Google Analytics<\/span><\/h2>\n<p><span>Este site usa o Google Analytics, um servi\u00e7o de an\u00e1lise da web fornecido pelo Google, Inc. (\u201cGoogle\u201d).\u00a0O Google Analytics usa \u201ccookies\u201d, que s\u00e3o arquivos de texto colocados no seu computador, para ajudar o site a analisar como os usu\u00e1rios usam o site.\u00a0As informa\u00e7\u00f5es geradas pelo cookie sobre o uso do site (incluindo seu endere\u00e7o IP) ser\u00e3o transmitidas e armazenadas pelo Google em servidores nos Estados Unidos.\u00a0O Google usar\u00e1 essas informa\u00e7\u00f5es com o objetivo de avaliar o uso do site, compilando relat\u00f3rios sobre a atividade do site para operadores de site e fornecendo outros servi\u00e7os relacionados \u00e0 atividade do site e uso da Internet.\u00a0O Google tamb\u00e9m pode transferir essas informa\u00e7\u00f5es a terceiros quando exigido por lei ou quando esses terceiros processam as informa\u00e7\u00f5es em nome do Google.\u00a0O Google n\u00e3o associar\u00e1 o seu endere\u00e7o IP a nenhum outro dado mantido pelo Google.\u00a0Voc\u00ea pode recusar o uso de cookies, selecionando as configura\u00e7\u00f5es apropriadas em seu navegador; no entanto, observe que, se voc\u00ea fizer isso, poder\u00e1 n\u00e3o conseguir usar todas as funcionalidades deste site.\u00a0Ao utilizar este site, voc\u00ea concorda com o processamento de dados sobre voc\u00ea pelo Google na forma e para os fins definidos acima.<\/span><\/p>\n<h2><span>An\u00fancios do Google<\/span><\/h2>\n<p><span>Este site usa o Google AdSense, um servi\u00e7o para incluir an\u00fancios do Google Inc. (\u201cGoogle\u201d).\u00a0O Google AdSense usa \u201ccookies\u201d, arquivos de texto que s\u00e3o armazenados no seu computador, para permitir a an\u00e1lise do uso da internet.\u00a0O Google AdSense tamb\u00e9m usa web beacons (imagens invis\u00edveis).\u00a0Por meio desses web beacons, informa\u00e7\u00f5es como o tr\u00e1fego de visitantes s\u00e3o avaliadas nessas p\u00e1ginas.\u00a0As informa\u00e7\u00f5es geradas por cookies e web beacons sobre a utiliza\u00e7\u00e3o deste site (incluindo o seu endere\u00e7o IP) e a entrega de formatos de publicidade s\u00e3o transmitidas a um servidor Google nos EUA e a\u00ed armazenadas.\u00a0Essas informa\u00e7\u00f5es podem ser fornecidas pelo Google a contratantes do Google.\u00a0O Google n\u00e3o reunir\u00e1 seu endere\u00e7o IP com outros dados armazenados por voc\u00ea.\u00a0Voc\u00ea pode recusar o uso de cookies, selecionando as configura\u00e7\u00f5es apropriadas em seu navegador,\u00a0mas ressaltamos que neste caso voc\u00ea n\u00e3o poder\u00e1 usar todos os recursos deste site.\u00a0Ao utilizar este site, voc\u00ea concorda com o processamento de dados sobre voc\u00ea pelo Google da forma descrita e para os fins acima mencionados.<\/span><\/p>\n<h2><span>Bot\u00e3o de compartilhamento do Facebook<\/span><\/h2>\n<p><span>Implementamos \u00abPlugins Sociais\u00bb como o bot\u00e3o de curtir do Facebook e o bot\u00e3o de compartilhamento do Facebook, ambos operados pela Facebook Inc. 1601 S. California Avenue, Palo Alto, CA 94304, EUA (\u201cFacebook\u201d).\u00a0Para obter mais informa\u00e7\u00f5es sobre a\u00a0<\/span><a href=\"https:\/\/www.facebook.com\/legal\/FB_Work_Privacy\"><span>Pol\u00edtica de Privacidade<\/span><\/a><span>\u00a0do\u00a0<a href=\"https:\/\/www.facebook.com\/legal\/FB_Work_Privacy\">Facebook<\/a>\u00a0.<\/span><\/p>\n<h2><span>Twitter Inc.<\/span><\/h2>\n<p><span>As fun\u00e7\u00f5es dos servi\u00e7os do Twitter s\u00e3o integradas \u00e0s nossas p\u00e1ginas da web.\u00a0Essas fun\u00e7\u00f5es s\u00e3o oferecidas pela Twitter Inc., 795 Folsom St., Suite 600, San Francisco, CA 94107, EUA.\u00a0Ao usar o Twitter e a fun\u00e7\u00e3o \u201cRetweetar\u201d, as p\u00e1ginas que voc\u00ea visita ser\u00e3o vinculadas \u00e0 sua conta do Twitter e tornadas p\u00fablicas para outros usu\u00e1rios.\u00a0As informa\u00e7\u00f5es tamb\u00e9m s\u00e3o transmitidas ao Twitter dessa forma.\u00a0Gostar\u00edamos de ressaltar que n\u00f3s, como provedores do site, n\u00e3o recebemos informa\u00e7\u00f5es sobre o conte\u00fado dos dados transmitidos ou sua utiliza\u00e7\u00e3o pelo Twitter.\u00a0Para obter mais informa\u00e7\u00f5es, consulte\u00a0\u00a0<\/span><a href=\"https:\/\/twitter.com\/privacy?lang=en\"><span>a declara\u00e7\u00e3o de privacidade do Twitter<\/span><\/a><span>\u00a0.\u00a0Voc\u00ea pode alterar as configura\u00e7\u00f5es de prote\u00e7\u00e3o de privacidade do Twitter nas configura\u00e7\u00f5es de sua conta.<\/span><\/p>\n<\/div>\n<\/div>\n<div class=\"lgc-column lgc-grid-parent lgc-grid-100 lgc-tablet-grid-100 lgc-mobile-grid-100 lgc-equal-heights  lgc-first lgc-last\">\n<div class=\"inside-grid-column\">\n<div class=\"su-spacer\"><\/div>\n<h2><span>Links de terceiros<\/span><\/h2>\n<p><span>Ocasionalmente, a nosso crit\u00e9rio, podemos incluir ou oferecer produtos ou servi\u00e7os de terceiros em nosso site.\u00a0Esses sites de terceiros t\u00eam pol\u00edticas de privacidade separadas e independentes.\u00a0Portanto, n\u00e3o temos nenhuma responsabilidade ou obriga\u00e7\u00e3o pelo conte\u00fado e atividades desses sites vinculados.\u00a0No entanto, procuramos proteger a integridade do nosso site e agradecemos qualquer feedback sobre esses sites.<\/span><\/p>\n<\/div>\n<\/div>\n<p>&#8230;&#8230;&#8230;&#8230;&#8230;&#8230;&#8230;&#8230;&#8230;&#8230;&#8230;&#8230;&#8230;&#8230;&#8230;&#8230;&#8230;&#8230;&#8230;&#8230;&#8230;&#8230;&#8230;&#8230;&#8230;&#8230;&#8230;&#8230;&#8230;&#8230;&#8230;&#8230;&#8230;&#8230;&#8230;&#8230;&#8230;&#8230;&#8230;&#8230;&#8230;&#8230;&#8230;&#8230;&#8230;&#8230;&#8230;&#8230;.<\/p>\n<p>Este artigo \u00e9 baseado na tradu\u00e7\u00e3o autom\u00e1tica do artigo original em ingl\u00eas. Para mais informa\u00e7\u00f5es, consulte o artigo em ingl\u00eas. Voc\u00ea pode nos ajudar. Se voc\u00ea deseja corrigir a tradu\u00e7\u00e3o, envie-a para: translations@nuclear-power.com ou preencha o formul\u00e1rio de tradu\u00e7\u00e3o on-line. Agradecemos sua ajuda, atualizaremos a tradu\u00e7\u00e3o o mais r\u00e1pido poss\u00edvel. Obrigado.<\/p>\n","protected":false},"excerpt":{"rendered":"<p>Esta\u00a0Declara\u00e7\u00e3o de Cookie\u00a0\u00a0faz parte da nossa\u00a0Pol\u00edtica de Privacidade\u00a0.\u00a0Ele explica como usamos cookies (e outras tecnologias de dados armazenados localmente), como cookies de terceiros s\u00e3o usados \u200b\u200bem nosso site e como voc\u00ea pode gerenciar suas op\u00e7\u00f5es de cookies. Um \u201c\u00a0cookie\u00a0\u201d \u00e9 um pequeno arquivo de dados que transferimos para o seu computador, telefone celular ou qualquer &#8230; <a title=\"Declara\u00e7\u00e3o de Cookies\" class=\"read-more\" href=\"http:\/\/www.radiation-dosimetry.org\/pt-br\/declaracao-de-cookies\/\" aria-label=\"More on Declara\u00e7\u00e3o de Cookies\">Ler mais<\/a><\/p>\n","protected":false},"author":1,"featured_media":0,"parent":0,"menu_order":0,"comment_status":"closed","ping_status":"closed","template":"","meta":[],"yoast_head":"<!-- This site is optimized with the Yoast SEO plugin v15.4 - https:\/\/yoast.com\/wordpress\/plugins\/seo\/ -->\n<title>Declara\u00e7\u00e3o de Cookies<\/title>\n<meta name=\"description\" content=\"Esta Declara\u00e7\u00e3o de Cookie faz parte da nossa Pol\u00edtica de Privacidade. Explica como usamos cookies (e outras tecnologias de dados armazenados localmente), como cookies de terceiros s\u00e3o usados em nosso site e como voc\u00ea pode gerenciar suas op\u00e7\u00f5es de cookies.\" \/>\n<meta name=\"robots\" content=\"index, follow, max-snippet:-1, max-image-preview:large, max-video-preview:-1\" \/>\n<link rel=\"canonical\" href=\"http:\/\/www.radiation-dosimetry.org\/pt-br\/declaracao-de-cookies\/\" \/>\n<meta property=\"og:locale\" content=\"pt_BR\" \/>\n<meta property=\"og:type\" content=\"article\" \/>\n<meta property=\"og:title\" content=\"Declara\u00e7\u00e3o de Cookies\" \/>\n<meta property=\"og:description\" content=\"Esta Declara\u00e7\u00e3o de Cookie faz parte da nossa Pol\u00edtica de Privacidade. Explica como usamos cookies (e outras tecnologias de dados armazenados localmente), como cookies de terceiros s\u00e3o usados em nosso site e como voc\u00ea pode gerenciar suas op\u00e7\u00f5es de cookies.\" \/>\n<meta property=\"og:url\" content=\"http:\/\/www.radiation-dosimetry.org\/pt-br\/declaracao-de-cookies\/\" \/>\n<meta property=\"og:site_name\" content=\"Radiation Dosimetry\" \/>\n<meta name=\"twitter:card\" content=\"summary_large_image\" \/>\n<meta name=\"twitter:label1\" content=\"Written by\">\n\t<meta name=\"twitter:data1\" content=\"Nick Connor\">\n\t<meta name=\"twitter:label2\" content=\"Est. reading time\">\n\t<meta name=\"twitter:data2\" content=\"5 minutos\">\n<script type=\"application\/ld+json\" class=\"yoast-schema-graph\">{\"@context\":\"https:\/\/schema.org\",\"@graph\":[{\"@type\":\"WebSite\",\"@id\":\"https:\/\/www.radiation-dosimetry.org\/es\/#website\",\"url\":\"https:\/\/www.radiation-dosimetry.org\/es\/\",\"name\":\"Radiation Dosimetry\",\"description\":\"\",\"potentialAction\":[{\"@type\":\"SearchAction\",\"target\":\"https:\/\/www.radiation-dosimetry.org\/es\/?s={search_term_string}\",\"query-input\":\"required name=search_term_string\"}],\"inLanguage\":\"pt-BR\"},{\"@type\":\"WebPage\",\"@id\":\"http:\/\/www.radiation-dosimetry.org\/pt-br\/declaracao-de-cookies\/#webpage\",\"url\":\"http:\/\/www.radiation-dosimetry.org\/pt-br\/declaracao-de-cookies\/\",\"name\":\"Declara\\u00e7\\u00e3o de Cookies\",\"isPartOf\":{\"@id\":\"https:\/\/www.radiation-dosimetry.org\/es\/#website\"},\"datePublished\":\"2020-08-25T06:43:02+00:00\",\"dateModified\":\"2020-08-25T06:43:02+00:00\",\"description\":\"Esta Declara\\u00e7\\u00e3o de Cookie faz parte da nossa Pol\\u00edtica de Privacidade. Explica como usamos cookies (e outras tecnologias de dados armazenados localmente), como cookies de terceiros s\\u00e3o usados em nosso site e como voc\\u00ea pode gerenciar suas op\\u00e7\\u00f5es de cookies.\",\"inLanguage\":\"pt-BR\",\"potentialAction\":[{\"@type\":\"ReadAction\",\"target\":[\"http:\/\/www.radiation-dosimetry.org\/pt-br\/declaracao-de-cookies\/\"]}]}]}<\/script>\n<!-- \/ Yoast SEO plugin. -->","_links":{"self":[{"href":"http:\/\/www.radiation-dosimetry.org\/pt-br\/wp-json\/wp\/v2\/pages\/22182"}],"collection":[{"href":"http:\/\/www.radiation-dosimetry.org\/pt-br\/wp-json\/wp\/v2\/pages"}],"about":[{"href":"http:\/\/www.radiation-dosimetry.org\/pt-br\/wp-json\/wp\/v2\/types\/page"}],"author":[{"embeddable":true,"href":"http:\/\/www.radiation-dosimetry.org\/pt-br\/wp-json\/wp\/v2\/users\/1"}],"replies":[{"embeddable":true,"href":"http:\/\/www.radiation-dosimetry.org\/pt-br\/wp-json\/wp\/v2\/comments?post=22182"}],"version-history":[{"count":0,"href":"http:\/\/www.radiation-dosimetry.org\/pt-br\/wp-json\/wp\/v2\/pages\/22182\/revisions"}],"wp:attachment":[{"href":"http:\/\/www.radiation-dosimetry.org\/pt-br\/wp-json\/wp\/v2\/media?parent=22182"}],"curies":[{"name":"wp","href":"https:\/\/api.w.org\/{rel}","templated":true}]}}