{"id":22198,"date":"2020-08-25T10:41:39","date_gmt":"2020-08-25T10:41:39","guid":{"rendered":"https:\/\/www.radiation-dosimetry.org\/declaration-relative-aux-cookies\/"},"modified":"2020-08-25T10:41:39","modified_gmt":"2020-08-25T10:41:39","slug":"declaration-relative-aux-cookies","status":"publish","type":"page","link":"http:\/\/www.radiation-dosimetry.org\/fr\/declaration-relative-aux-cookies\/","title":{"rendered":"D\u00e9claration relative aux cookies"},"content":{"rendered":"<div class=\"lgc-column lgc-grid-parent lgc-grid-100 lgc-tablet-grid-100 lgc-mobile-grid-100 lgc-equal-heights  lgc-first lgc-last\">\n<div class=\"inside-grid-column\">\n<p><span>Cette\u00a0<\/span><strong><span>d\u00e9claration relative aux cookies<\/span><\/strong><span>\u00a0\u00a0fait partie de notre\u00a0<\/span><strong><span>politique de confidentialit\u00e9<\/span><\/strong><span>\u00a0.\u00a0Il explique comment nous utilisons les cookies (et d&rsquo;autres technologies de donn\u00e9es stock\u00e9es localement), comment les cookies tiers sont utilis\u00e9s sur notre site Web et comment vous pouvez g\u00e9rer vos options de cookies.<\/span><\/p>\n<p><span>Un \u00ab\u00a0<\/span><strong><span>cookie<\/span><\/strong><span>\u00a0\u00bb est un minuscule fichier de donn\u00e9es que nous transf\u00e9rons sur votre ordinateur, t\u00e9l\u00e9phone mobile ou tout autre appareil que vous utilisez pour acc\u00e9der \u00e0 radiation-dosimetry.org, g\u00e9n\u00e9ralement utilis\u00e9 pour l&rsquo;authentification et le suivi.\u00a0Chaque cookie expire apr\u00e8s une certaine p\u00e9riode de temps, mais cette p\u00e9riode varie en fonction de l&rsquo;utilisation du cookie et de la configuration de votre navigateur.<\/span><\/p>\n<p><span>Comme de nombreux sites,\u00a0<\/span><strong><span>nous utilisons des \u00abcookies\u00bb pour collecter des informations<\/span><\/strong><span>\u00a0par l&rsquo;interaction de votre t\u00e9l\u00e9phone mobile ou navigateur Web avec notre site Web.\u00a0Ces informations sont g\u00e9n\u00e9ralement consid\u00e9r\u00e9es comme\u00a0<\/span><strong><span>des informations non personnelles<\/span><\/strong><span>\u00a0.<\/span><\/p>\n<p><span>Nous utilisons des cookies pour comprendre et enregistrer vos pr\u00e9f\u00e9rences pour les visites futures et compiler des donn\u00e9es agr\u00e9g\u00e9es sur le trafic du site et l&rsquo;interaction du site afin de pouvoir offrir de meilleures exp\u00e9riences et outils sur le site \u00e0 l&rsquo;avenir.\u00a0Ces informations incluent le nom du site Web \u00e0 partir duquel vous avez acc\u00e9d\u00e9 \u00e0 notre site Web, le cas \u00e9ch\u00e9ant, ainsi que le nom du site Web vers lequel vous vous dirigez lorsque vous quittez notre site Web.\u00a0Ces informations comprennent \u00e9galement l&rsquo;adresse IP de votre ordinateur \/ serveur proxy que vous utilisez pour acc\u00e9der \u00e0 Internet, le nom de votre fournisseur de site Web Internet, le type de navigateur Web, le type d&rsquo;appareil mobile et le syst\u00e8me d&rsquo;exploitation de l&rsquo;ordinateur.\u00a0Nous utilisons toutes ces informations pour analyser les tendances parmi nos utilisateurs afin d&rsquo;am\u00e9liorer notre site Web.\u00a0Cette approche est habituelle et typique pour tout le World Wide Web.<\/span><\/p>\n<p><span>Vous pouvez demander \u00e0 votre navigateur de refuser tous les cookies ou d&rsquo;indiquer quand un cookie est envoy\u00e9, mais veuillez noter que si vous le faites, vous ne pourrez peut-\u00eatre pas utiliser toutes les fonctionnalit\u00e9s de ce site Web.<\/span><\/p>\n<h2><span>Outils de suivi tiers<\/span><\/h2>\n<p><span>Nous utilisons \u00e9galement des outils de suivi tiers pour am\u00e9liorer les performances et les fonctionnalit\u00e9s de notre site Web.\u00a0Ces outils de suivi tiers sont con\u00e7us pour collecter uniquement des informations non personnelles sur votre utilisation de notre site Web.\u00a0Cependant, vous comprenez que ces outils sont cr\u00e9\u00e9s et g\u00e9r\u00e9s par des parties ind\u00e9pendantes de notre volont\u00e9.\u00a0En tant que tel, nous ne sommes pas responsables des informations r\u00e9ellement captur\u00e9es par ces tiers ou de la mani\u00e8re dont ces tiers utilisent et prot\u00e8gent ces informations.\u00a0Ce site utilise des cookies via l&rsquo;utilisation des fonctionnalit\u00e9s suivantes:<\/span><\/p>\n<ul>\n<li><a href=\"https:\/\/developers.google.com\/analytics\/devguides\/collection\/analyticsjs\/cookie-usage\"><span>Google Analytics,<\/span><\/a><\/li>\n<li><a href=\"https:\/\/www.google.com\/intl\/en\/policies\/privacy\/\"><span>Google adsense,<\/span><\/a><\/li>\n<li><a href=\"https:\/\/www.facebook.com\/help\/206635839404055\"><span>Bouton J&rsquo;aime Facebook<\/span><\/a><\/li>\n<li><a href=\"https:\/\/dev.twitter.com\/web\/overview\/privacy\"><span>Bouton de partage Twitter<\/span><\/a><\/li>\n<\/ul>\n<h2><span>Google Analytics<\/span><\/h2>\n<p><span>Ce site Web utilise Google Analytics, un service d&rsquo;analyse Web fourni par Google, Inc. (\u00abGoogle\u00bb).\u00a0Google Analytics utilise des \u00abcookies\u00bb, qui sont des fichiers texte plac\u00e9s sur votre ordinateur, pour aider le site Internet \u00e0 analyser l&rsquo;utilisation du site par ses utilisateurs.\u00a0Les informations g\u00e9n\u00e9r\u00e9es par le cookie concernant votre utilisation du site Web (y compris votre adresse IP) seront transmises et stock\u00e9es par Google sur des serveurs aux \u00c9tats-Unis.\u00a0Google utilisera ces informations dans le but d&rsquo;\u00e9valuer votre utilisation du site Web, de compiler des rapports sur l&rsquo;activit\u00e9 du site Web pour les exploitants de sites Web et de fournir d&rsquo;autres services li\u00e9s \u00e0 l&rsquo;activit\u00e9 du site Web et \u00e0 l&rsquo;utilisation d&rsquo;Internet.\u00a0Google peut \u00e9galement transf\u00e9rer ces informations \u00e0 des tiers lorsque la loi l&rsquo;exige, ou lorsque ces tiers traitent les informations pour le compte de Google.\u00a0Google n&rsquo;associera votre adresse IP \u00e0 aucune autre donn\u00e9e d\u00e9tenue par Google.\u00a0Vous pouvez refuser l&rsquo;utilisation de cookies en s\u00e9lectionnant les param\u00e8tres appropri\u00e9s de votre navigateur, mais veuillez noter que si vous le faites, vous ne pourrez peut-\u00eatre pas utiliser toutes les fonctionnalit\u00e9s de ce site Web.\u00a0En utilisant ce site Web, vous consentez au traitement des donn\u00e9es vous concernant par Google de la mani\u00e8re et aux fins d\u00e9crites ci-dessus.<\/span><\/p>\n<h2><span>Google adsense<\/span><\/h2>\n<p><span>Ce site Web utilise Google AdSense, un service pour inclure des publicit\u00e9s de Google Inc. (\u00abGoogle\u00bb).\u00a0Google AdSense utilise des \u00abcookies\u00bb, des fichiers texte qui sont stock\u00e9s sur votre ordinateur, pour permettre d&rsquo;analyser l&rsquo;utilisation d&rsquo;Internet.\u00a0Google AdSense utilise \u00e9galement des balises Web (images invisibles).\u00a0Gr\u00e2ce \u00e0 ces balises Web, des informations telles que le trafic des visiteurs sont \u00e9valu\u00e9es sur ces pages.\u00a0Les informations g\u00e9n\u00e9r\u00e9es par les cookies et les balises Web sur l&rsquo;utilisation de ce site Web (y compris votre adresse IP) et la livraison de formats publicitaires sont transmises \u00e0 un serveur de Google aux \u00c9tats-Unis et y sont stock\u00e9es.\u00a0Ces informations peuvent \u00eatre fournies par Google aux sous-traitants de Google.\u00a0Google n&rsquo;associera pas votre adresse IP avec d&rsquo;autres donn\u00e9es que vous avez stock\u00e9es.\u00a0Vous pouvez refuser l&rsquo;utilisation de cookies en s\u00e9lectionnant les param\u00e8tres appropri\u00e9s de votre navigateur,\u00a0mais nous soulignons que dans ce cas, vous ne pourrez peut-\u00eatre pas utiliser toutes les fonctionnalit\u00e9s de ce site Web.\u00a0En utilisant ce site Web, vous acceptez le traitement des donn\u00e9es vous concernant par Google de la mani\u00e8re d\u00e9crite et aux fins susmentionn\u00e9es.<\/span><\/p>\n<h2><span>Bouton de partage Facebook<\/span><\/h2>\n<p><span>Nous impl\u00e9mentons des \u00abplugins sociaux\u00bb tels que le bouton Facebook et le bouton de partage Facebook, tous deux g\u00e9r\u00e9s par Facebook Inc. 1601 S. California Avenue, Palo Alto, CA 94304, USA (\u00abFacebook\u00bb).\u00a0Pour plus d&rsquo;informations sur la\u00a0<\/span><a href=\"https:\/\/www.facebook.com\/legal\/FB_Work_Privacy\"><span>politique de confidentialit\u00e9 de Facebook<\/span><\/a><span>\u00a0.<\/span><\/p>\n<h2><span>Twitter Inc.<\/span><\/h2>\n<p><span>Les fonctions des services Twitter sont int\u00e9gr\u00e9es dans nos pages Web.\u00a0Ces fonctions sont propos\u00e9es par Twitter Inc., 795 Folsom St., Suite 600, San Francisco, CA 94107, USA.\u00a0En utilisant Twitter et la fonction \u00abRetweet\u00bb, les pages Web que vous visitez seront li\u00e9es \u00e0 votre compte Twitter et rendues publiques aux autres utilisateurs.\u00a0Les informations sont \u00e9galement transmises \u00e0 Twitter de cette mani\u00e8re.\u00a0Nous attirons votre attention sur le fait qu&rsquo;en tant que fournisseurs du site Web, nous ne recevons pas d&rsquo;informations sur le contenu des donn\u00e9es transmises ou leur utilisation par Twitter.\u00a0Pour plus d&rsquo;informations, veuillez consulter\u00a0\u00a0<\/span><a href=\"https:\/\/twitter.com\/privacy?lang=en\"><span>la d\u00e9claration de confidentialit\u00e9 de Twitter<\/span><\/a><span>\u00a0.\u00a0Vous pouvez modifier vos param\u00e8tres de protection de la confidentialit\u00e9 pour Twitter dans les param\u00e8tres de votre compte.<\/span><\/p>\n<\/div>\n<\/div>\n<div class=\"lgc-column lgc-grid-parent lgc-grid-100 lgc-tablet-grid-100 lgc-mobile-grid-100 lgc-equal-heights  lgc-first lgc-last\">\n<div class=\"inside-grid-column\">\n<div class=\"su-spacer\"><\/div>\n<h2><span>Liens tiers<\/span><\/h2>\n<p><span>Occasionnellement, \u00e0 notre discr\u00e9tion, nous pouvons inclure ou offrir des produits ou services tiers sur notre site Web.\u00a0Ces sites tiers ont des politiques de confidentialit\u00e9 distinctes et ind\u00e9pendantes.\u00a0Nous d\u00e9clinons donc toute responsabilit\u00e9 quant au contenu et aux activit\u00e9s de ces sites li\u00e9s.\u00a0N\u00e9anmoins, nous cherchons \u00e0 prot\u00e9ger l&rsquo;int\u00e9grit\u00e9 de notre site et appr\u00e9cions tout commentaire sur ces sites.<\/span><\/p>\n<\/div>\n<\/div>\n<p>&#8230;&#8230;&#8230;&#8230;&#8230;&#8230;&#8230;&#8230;&#8230;&#8230;&#8230;&#8230;&#8230;&#8230;&#8230;&#8230;&#8230;&#8230;&#8230;&#8230;&#8230;&#8230;&#8230;&#8230;&#8230;&#8230;&#8230;&#8230;&#8230;&#8230;&#8230;&#8230;&#8230;&#8230;&#8230;&#8230;&#8230;&#8230;&#8230;&#8230;&#8230;&#8230;&#8230;&#8230;&#8230;&#8230;&#8230;&#8230;.<\/p>\n<p>Cet article est bas\u00e9 sur la traduction automatique de l&rsquo;article original en anglais. Pour plus d&rsquo;informations, voir l&rsquo;article en anglais. Pouvez vous nous aider Si vous souhaitez corriger la traduction, envoyez-la \u00e0 l&rsquo;adresse: translations@nuclear-power.com ou remplissez le formulaire de traduction en ligne. Nous appr\u00e9cions votre aide, nous mettrons \u00e0 jour la traduction le plus rapidement possible. Merci<\/p>\n","protected":false},"excerpt":{"rendered":"<p>Cette\u00a0d\u00e9claration relative aux cookies\u00a0\u00a0fait partie de notre\u00a0politique de confidentialit\u00e9\u00a0.\u00a0Il explique comment nous utilisons les cookies (et d&rsquo;autres technologies de donn\u00e9es stock\u00e9es localement), comment les cookies tiers sont utilis\u00e9s sur notre site Web et comment vous pouvez g\u00e9rer vos options de cookies. Un \u00ab\u00a0cookie\u00a0\u00bb est un minuscule fichier de donn\u00e9es que nous transf\u00e9rons sur votre ordinateur, &#8230; <a title=\"D\u00e9claration relative aux cookies\" class=\"read-more\" href=\"http:\/\/www.radiation-dosimetry.org\/fr\/declaration-relative-aux-cookies\/\" aria-label=\"En savoir plus sur D\u00e9claration relative aux cookies\">Lire la suite<\/a><\/p>\n","protected":false},"author":1,"featured_media":0,"parent":0,"menu_order":0,"comment_status":"closed","ping_status":"closed","template":"","meta":[],"yoast_head":"<!-- This site is optimized with the Yoast SEO plugin v15.4 - https:\/\/yoast.com\/wordpress\/plugins\/seo\/ -->\n<title>D\u00e9claration relative aux cookies<\/title>\n<meta name=\"description\" content=\"Cette d\u00e9claration relative aux cookies fait partie de notre politique de confidentialit\u00e9. Il explique comment nous utilisons les cookies (et d&#039;autres technologies de donn\u00e9es stock\u00e9es localement), comment les cookies tiers sont utilis\u00e9s sur notre site Web et comment vous pouvez g\u00e9rer vos options de cookies.\" \/>\n<meta name=\"robots\" content=\"index, follow, max-snippet:-1, max-image-preview:large, max-video-preview:-1\" \/>\n<link rel=\"canonical\" href=\"http:\/\/www.radiation-dosimetry.org\/fr\/declaration-relative-aux-cookies\/\" \/>\n<meta property=\"og:locale\" content=\"fr_FR\" \/>\n<meta property=\"og:type\" content=\"article\" \/>\n<meta property=\"og:title\" content=\"D\u00e9claration relative aux cookies\" \/>\n<meta property=\"og:description\" content=\"Cette d\u00e9claration relative aux cookies fait partie de notre politique de confidentialit\u00e9. Il explique comment nous utilisons les cookies (et d&#039;autres technologies de donn\u00e9es stock\u00e9es localement), comment les cookies tiers sont utilis\u00e9s sur notre site Web et comment vous pouvez g\u00e9rer vos options de cookies.\" \/>\n<meta property=\"og:url\" content=\"http:\/\/www.radiation-dosimetry.org\/fr\/declaration-relative-aux-cookies\/\" \/>\n<meta property=\"og:site_name\" content=\"Radiation Dosimetry\" \/>\n<meta name=\"twitter:card\" content=\"summary_large_image\" \/>\n<meta name=\"twitter:label1\" content=\"\u00c9crit par\">\n\t<meta name=\"twitter:data1\" content=\"Nick Connor\">\n\t<meta name=\"twitter:label2\" content=\"Dur\u00e9e de lecture est.\">\n\t<meta name=\"twitter:data2\" content=\"5 minutes\">\n<script type=\"application\/ld+json\" class=\"yoast-schema-graph\">{\"@context\":\"https:\/\/schema.org\",\"@graph\":[{\"@type\":\"WebSite\",\"@id\":\"https:\/\/www.radiation-dosimetry.org\/es\/#website\",\"url\":\"https:\/\/www.radiation-dosimetry.org\/es\/\",\"name\":\"Radiation Dosimetry\",\"description\":\"\",\"potentialAction\":[{\"@type\":\"SearchAction\",\"target\":\"https:\/\/www.radiation-dosimetry.org\/es\/?s={search_term_string}\",\"query-input\":\"required name=search_term_string\"}],\"inLanguage\":\"fr-FR\"},{\"@type\":\"WebPage\",\"@id\":\"http:\/\/www.radiation-dosimetry.org\/fr\/declaration-relative-aux-cookies\/#webpage\",\"url\":\"http:\/\/www.radiation-dosimetry.org\/fr\/declaration-relative-aux-cookies\/\",\"name\":\"D\\u00e9claration relative aux cookies\",\"isPartOf\":{\"@id\":\"https:\/\/www.radiation-dosimetry.org\/es\/#website\"},\"datePublished\":\"2020-08-25T10:41:39+00:00\",\"dateModified\":\"2020-08-25T10:41:39+00:00\",\"description\":\"Cette d\\u00e9claration relative aux cookies fait partie de notre politique de confidentialit\\u00e9. Il explique comment nous utilisons les cookies (et d'autres technologies de donn\\u00e9es stock\\u00e9es localement), comment les cookies tiers sont utilis\\u00e9s sur notre site Web et comment vous pouvez g\\u00e9rer vos options de cookies.\",\"inLanguage\":\"fr-FR\",\"potentialAction\":[{\"@type\":\"ReadAction\",\"target\":[\"http:\/\/www.radiation-dosimetry.org\/fr\/declaration-relative-aux-cookies\/\"]}]}]}<\/script>\n<!-- \/ Yoast SEO plugin. -->","_links":{"self":[{"href":"http:\/\/www.radiation-dosimetry.org\/fr\/wp-json\/wp\/v2\/pages\/22198"}],"collection":[{"href":"http:\/\/www.radiation-dosimetry.org\/fr\/wp-json\/wp\/v2\/pages"}],"about":[{"href":"http:\/\/www.radiation-dosimetry.org\/fr\/wp-json\/wp\/v2\/types\/page"}],"author":[{"embeddable":true,"href":"http:\/\/www.radiation-dosimetry.org\/fr\/wp-json\/wp\/v2\/users\/1"}],"replies":[{"embeddable":true,"href":"http:\/\/www.radiation-dosimetry.org\/fr\/wp-json\/wp\/v2\/comments?post=22198"}],"version-history":[{"count":0,"href":"http:\/\/www.radiation-dosimetry.org\/fr\/wp-json\/wp\/v2\/pages\/22198\/revisions"}],"wp:attachment":[{"href":"http:\/\/www.radiation-dosimetry.org\/fr\/wp-json\/wp\/v2\/media?parent=22198"}],"curies":[{"name":"wp","href":"https:\/\/api.w.org\/{rel}","templated":true}]}}